{"id":2541,"date":"2025-03-18T09:11:05","date_gmt":"2025-03-18T08:11:05","guid":{"rendered":"https:\/\/skajko.si\/?post_type=product&#038;p=2541"},"modified":"2025-07-24T10:05:17","modified_gmt":"2025-07-24T08:05:17","slug":"hexa-klasicen-povodec-magenta","status":"publish","type":"product","link":"https:\/\/skajko.si\/en\/product\/hexa-klasicen-povodec-magenta\/","title":{"rendered":"Classic leash made from Hexa - magenta"},"content":{"rendered":"<div class=\"css-146c3p1 r-bcqeeo r-1ttztb7 r-qvutc0 r-37j5jr r-a023e6 r-16dba41 r-1adg3ll r-1b5gpbm r-a8ghvy\" dir=\"ltr\"><span class=\"css-1jxf684 r-bcqeeo r-1ttztb7 r-qvutc0 r-poiln3\"><span class=\"css-1jxf684 r-bcqeeo r-1ttztb7 r-qvutc0 r-poiln3 r-a8ghvy\">Povodci HEXA so zasnovani z mislijo na prakti\u010dnost in udobje, zaradi \u010desar so odli\u010dna izbira za vodnike psov pri vsakodnevnih sprehodih. Na voljo so v dveh dol\u017einah: <\/span><\/span><\/div>\n<ul dir=\"ltr\">\n<li>\n<div class=\"css-146c3p1 r-bcqeeo r-1ttztb7 r-qvutc0 r-37j5jr r-a023e6 r-rjixqe r-16dba41\" dir=\"ltr\"><span class=\"css-1jxf684 r-bcqeeo r-1ttztb7 r-qvutc0 r-poiln3 r-b88u0q r-a8ghvy\"><span class=\"css-1jxf684 r-bcqeeo r-1ttztb7 r-qvutc0 r-poiln3\"><span class=\"css-1jxf684 r-bcqeeo r-1ttztb7 r-qvutc0 r-poiln3 r-a8ghvy\">125 cm<\/span><\/span><\/span><span class=\"css-1jxf684 r-bcqeeo r-1ttztb7 r-qvutc0 r-poiln3 r-a8ghvy\"><span class=\"css-1jxf684 r-bcqeeo r-1ttztb7 r-qvutc0 r-poiln3\">: Kompaktna in priro\u010dna re\u0161itev za nadzorovane sprehode po mestnih ulicah. <\/span><\/span><\/div>\n<\/li>\n<li>\n<div class=\"css-146c3p1 r-bcqeeo r-1ttztb7 r-qvutc0 r-37j5jr r-a023e6 r-rjixqe r-16dba41\" dir=\"ltr\"><span class=\"css-1jxf684 r-bcqeeo r-1ttztb7 r-qvutc0 r-poiln3 r-b88u0q r-a8ghvy\"><span class=\"css-1jxf684 r-bcqeeo r-1ttztb7 r-qvutc0 r-poiln3\"><span class=\"css-1jxf684 r-bcqeeo r-1ttztb7 r-qvutc0 r-poiln3 r-a8ghvy\">165 cm<\/span><\/span><\/span><span class=\"css-1jxf684 r-bcqeeo r-1ttztb7 r-qvutc0 r-poiln3 r-a8ghvy\"><span class=\"css-1jxf684 r-bcqeeo r-1ttztb7 r-qvutc0 r-poiln3\">: Idealna dol\u017eina za raziskovanje narave, ki psu omogo\u010da ve\u010d svobode gibanja.<\/span><\/span><\/div>\n<\/li>\n<\/ul>\n<div class=\"css-146c3p1 r-bcqeeo r-1ttztb7 r-qvutc0 r-37j5jr r-a023e6 r-16dba41 r-1adg3ll r-1b5gpbm r-a8ghvy\" dir=\"ltr\"><span class=\"css-1jxf684 r-bcqeeo r-1ttztb7 r-qvutc0 r-poiln3\"><span class=\"css-1jxf684 r-bcqeeo r-1ttztb7 r-qvutc0 r-poiln3 r-a8ghvy\">Material HEXA je vodoodporen in odporen na vpijanje umazanije, kar zagotavlja hitro in enostavno \u010di\u0161\u010denje \u2013 tudi po blatnih ali de\u017eevnih pustolov\u0161\u010dinah. Vsak povodec vklju\u010duje prakti\u010dno dr\u017ealo za polne vre\u010dke s pasjimi iztrebki, ki poskrbi za urejenost tudi tam, kjer ko\u0161i za smeti niso v bli\u017eini.<\/span><\/span><\/div>\n<div dir=\"ltr\"><\/div>\n<div class=\"css-146c3p1 r-bcqeeo r-1ttztb7 r-qvutc0 r-37j5jr r-a023e6 r-16dba41 r-1adg3ll r-1b5gpbm r-a8ghvy\" dir=\"ltr\"><span class=\"css-1jxf684 r-bcqeeo r-1ttztb7 r-qvutc0 r-poiln3\"><span class=\"css-1jxf684 r-bcqeeo r-1ttztb7 r-qvutc0 r-poiln3 r-a8ghvy\">Poleg funkcionalnosti povodci HEXA navdu\u0161ujejo z estetsko dovr\u0161enostjo: na voljo so v privla\u010dnih barvnih odtenkih, njihovi robovi pa so elegantno zaklju\u010deni in pobarvani, kar zagotavlja stil in obstojnost. Robustna zasnova obljublja dolgotrajno uporabo, ne glede na to, ali gre za kratke mestne sprehode ali dalj\u0161e pohode v naravi.<\/span><\/span><\/div>\n<div dir=\"ltr\"><\/div>\n<div class=\"css-146c3p1 r-bcqeeo r-1ttztb7 r-qvutc0 r-37j5jr r-a023e6 r-16dba41 r-1adg3ll r-1b5gpbm r-a8ghvy\" dir=\"ltr\"><span class=\"css-1jxf684 r-bcqeeo r-1ttztb7 r-qvutc0 r-poiln3\"><span class=\"css-1jxf684 r-bcqeeo r-1ttztb7 r-qvutc0 r-poiln3 r-a8ghvy\">S povodcem HEXA svojemu psu zagotovite varnost, udobje in primerno mero svobode, medtem ko vi u\u017eivate v brezhibni kombinaciji prakti\u010dnosti in prefinjenega videza.<\/span><\/span><\/div>\n<div dir=\"ltr\"><\/div>\n<div dir=\"ltr\"><span class=\"css-1jxf684 r-bcqeeo r-1ttztb7 r-qvutc0 r-poiln3 r-b88u0q r-a8ghvy\"><span class=\"css-1jxf684 r-bcqeeo r-1ttztb7 r-qvutc0 r-poiln3\"><span class=\"css-1jxf684 r-bcqeeo r-1ttztb7 r-qvutc0 r-poiln3 r-a8ghvy\"><strong>Opozorilo<\/strong>:<\/span><\/span><\/span><span class=\"css-1jxf684 r-bcqeeo r-1ttztb7 r-qvutc0 r-poiln3 r-a8ghvy\"><span class=\"css-1jxf684 r-bcqeeo r-1ttztb7 r-qvutc0 r-poiln3\"> Navadni izdelek ni primeren za uporabo v slani vodi, saj lahko povzro\u010di rjavenje kovinskih delov. Z izbiro nerjave\u010dega jekla je izdelek odporen na slano vodo, pri \u010demer se zaradi \u010dika\u0161kih vijakov in prilagojenega okovja videz nekoliko razlikuje od izdelka na sliki<\/span><\/span><\/div>","protected":false},"excerpt":{"rendered":"<p>Povodci HEXA so zasnovani z mislijo na prakti\u010dnost in udobje, zaradi \u010desar so odli\u010dna izbira za vodnike psov pri vsakodnevnih sprehodih. Na voljo so v dveh dol\u017einah: 125 cm: Kompaktna in priro\u010dna re\u0161itev za nadzorovane sprehode po mestnih ulicah. 165 cm: Idealna dol\u017eina za raziskovanje narave, ki psu omogo\u010da ve\u010d svobode gibanja. Material HEXA je [&hellip;]<\/p>\n","protected":false},"featured_media":2697,"template":"","meta":{"_monsterinsights_skip_tracking":false,"_monsterinsights_sitenote_active":false,"_monsterinsights_sitenote_note":"","_monsterinsights_sitenote_category":0,"site-sidebar-layout":"default","site-content-layout":"","ast-site-content-layout":"default","site-content-style":"default","site-sidebar-style":"default","ast-global-header-display":"","ast-banner-title-visibility":"","ast-main-header-display":"","ast-hfb-above-header-display":"","ast-hfb-below-header-display":"","ast-hfb-mobile-header-display":"","site-post-title":"","ast-breadcrumbs-content":"","ast-featured-img":"","footer-sml-layout":"","theme-transparent-header-meta":"default","adv-header-id-meta":"","stick-header-meta":"","header-above-stick-meta":"","header-main-stick-meta":"","header-below-stick-meta":"","astra-migrate-meta-layouts":"set","ast-page-background-enabled":"default","ast-page-background-meta":{"desktop":{"background-color":"var(--ast-global-color-4)","background-image":"","background-repeat":"repeat","background-position":"center center","background-size":"auto","background-attachment":"scroll","background-type":"","background-media":"","overlay-type":"","overlay-color":"","overlay-opacity":"","overlay-gradient":""},"tablet":{"background-color":"","background-image":"","background-repeat":"repeat","background-position":"center center","background-size":"auto","background-attachment":"scroll","background-type":"","background-media":"","overlay-type":"","overlay-color":"","overlay-opacity":"","overlay-gradient":""},"mobile":{"background-color":"","background-image":"","background-repeat":"repeat","background-position":"center center","background-size":"auto","background-attachment":"scroll","background-type":"","background-media":"","overlay-type":"","overlay-color":"","overlay-opacity":"","overlay-gradient":""}},"ast-content-background-meta":{"desktop":{"background-color":"var(--ast-global-color-5)","background-image":"","background-repeat":"repeat","background-position":"center center","background-size":"auto","background-attachment":"scroll","background-type":"","background-media":"","overlay-type":"","overlay-color":"","overlay-opacity":"","overlay-gradient":""},"tablet":{"background-color":"var(--ast-global-color-5)","background-image":"","background-repeat":"repeat","background-position":"center center","background-size":"auto","background-attachment":"scroll","background-type":"","background-media":"","overlay-type":"","overlay-color":"","overlay-opacity":"","overlay-gradient":""},"mobile":{"background-color":"var(--ast-global-color-5)","background-image":"","background-repeat":"repeat","background-position":"center center","background-size":"auto","background-attachment":"scroll","background-type":"","background-media":"","overlay-type":"","overlay-color":"","overlay-opacity":"","overlay-gradient":""}}},"product_brand":[],"product_cat":[28,18,23],"product_tag":[],"class_list":{"0":"post-2541","1":"product","2":"type-product","3":"status-publish","4":"has-post-thumbnail","6":"product_cat-hexa-klasicni-povodci","7":"product_cat-povodci","8":"product_cat-hexa-povodci","9":"desktop-align-left","10":"tablet-align-left","11":"mobile-align-left","13":"first","14":"instock","15":"shipping-taxable","16":"purchasable","17":"product-type-variable"},"_links":{"self":[{"href":"https:\/\/skajko.si\/en\/wp-json\/wp\/v2\/product\/2541","targetHints":{"allow":["GET"]}}],"collection":[{"href":"https:\/\/skajko.si\/en\/wp-json\/wp\/v2\/product"}],"about":[{"href":"https:\/\/skajko.si\/en\/wp-json\/wp\/v2\/types\/product"}],"wp:featuredmedia":[{"embeddable":true,"href":"https:\/\/skajko.si\/en\/wp-json\/wp\/v2\/media\/2697"}],"wp:attachment":[{"href":"https:\/\/skajko.si\/en\/wp-json\/wp\/v2\/media?parent=2541"}],"wp:term":[{"taxonomy":"product_brand","embeddable":true,"href":"https:\/\/skajko.si\/en\/wp-json\/wp\/v2\/product_brand?post=2541"},{"taxonomy":"product_cat","embeddable":true,"href":"https:\/\/skajko.si\/en\/wp-json\/wp\/v2\/product_cat?post=2541"},{"taxonomy":"product_tag","embeddable":true,"href":"https:\/\/skajko.si\/en\/wp-json\/wp\/v2\/product_tag?post=2541"}],"curies":[{"name":"wp","href":"https:\/\/api.w.org\/{rel}","templated":true}]}}