{"id":2504,"date":"2025-03-18T08:59:48","date_gmt":"2025-03-18T07:59:48","guid":{"rendered":"https:\/\/skajko.si\/?post_type=product&#038;p=2504"},"modified":"2025-06-05T13:17:06","modified_gmt":"2025-06-05T11:17:06","slug":"biothane-nastavljiv-povodec-oranzna","status":"publish","type":"product","link":"https:\/\/skajko.si\/en\/product\/biothane-nastavljiv-povodec-oranzna\/","title":{"rendered":"Adjustable leash made from BioThane\u00ae webbing - orange"},"content":{"rendered":"<div class=\"css-146c3p1 r-bcqeeo r-1ttztb7 r-qvutc0 r-37j5jr r-a023e6 r-16dba41 r-1adg3ll r-1b5gpbm r-a8ghvy\" dir=\"ltr\">\n<p>Nastavljivi povodci iz BioThane\u00ae so popolna izbira za aktivne vodnike psov, ki cenijo prilagodljivost, udobje in zanesljivost. Zasnovani so za prostoro\u010dno uporabo, kar vam omogo\u010da spro\u0161\u010dene sprehode z ve\u010d svobode, ne glede na to, ali potrebujete proste roke za druge aktivnosti ali pa \u017eelite psu omogo\u010diti ve\u010d svobode gibanja pod va\u0161im budnim o\u010desom.<\/p>\n<p>Povodec odlikuje premi\u0161ljena funkcionalnost z tremi to\u010dkami zapenjanja, ki omogo\u010dajo enostavno prilagajanje dol\u017eine glede na situacijo \u2013 od kraj\u0161ega vodenja v urbanem okolju do dalj\u0161ega za raziskovanje narave. Izdelan je iz vrhunskega materiala BioThane\u00ae, ki slovi po izjemni trdnosti, odpornosti na vodo, umazanijo in obrabo, kar zagotavlja dolgo \u017eivljenjsko dobo brez zahtevnega vzdr\u017eevanja.<\/p>\n<p>Z estetsko dovr\u0161enimi, barvanimi robovi povodec ne navdu\u0161uje le s svojo prakti\u010dnostjo, temve\u010d tudi z elegantnim videzom. Kombinacija vzdr\u017eljivosti, stila in vsestranskosti naredi povodec nepogre\u0161ljivega sopotnika za vse dogodiv\u0161\u010dine s va\u0161im \u0161tirino\u017enim prijateljem.<\/p>\n<p><span class=\"css-1jxf684 r-bcqeeo r-1ttztb7 r-qvutc0 r-poiln3 r-b88u0q r-a8ghvy\"><span class=\"css-1jxf684 r-bcqeeo r-1ttztb7 r-qvutc0 r-poiln3\"><span class=\"css-1jxf684 r-bcqeeo r-1ttztb7 r-qvutc0 r-poiln3 r-a8ghvy\"><strong>Opozorilo<\/strong>:<\/span><\/span><\/span><span class=\"css-1jxf684 r-bcqeeo r-1ttztb7 r-qvutc0 r-poiln3 r-a8ghvy\"><span class=\"css-1jxf684 r-bcqeeo r-1ttztb7 r-qvutc0 r-poiln3\"> Navadni izdelek ni primeren za uporabo v slani vodi, saj lahko povzro\u010di rjavenje kovinskih delov. Z izbiro nerjave\u010dega jekla je izdelek odporen na slano vodo, pri \u010demer se zaradi \u010dika\u0161kih vijakov in prilagojenega okovja videz nekoliko razlikuje od izdelka na sliki.<\/span><\/span><\/p>\n<\/div>","protected":false},"excerpt":{"rendered":"<p>Nastavljivi povodci iz BioThane\u00ae so popolna izbira za aktivne vodnike psov, ki cenijo prilagodljivost, udobje in zanesljivost. Zasnovani so za prostoro\u010dno uporabo, kar vam omogo\u010da spro\u0161\u010dene sprehode z ve\u010d svobode, ne glede na to, ali potrebujete proste roke za druge aktivnosti ali pa \u017eelite psu omogo\u010diti ve\u010d svobode gibanja pod va\u0161im budnim o\u010desom. Povodec odlikuje [&hellip;]<\/p>\n","protected":false},"featured_media":2599,"template":"","meta":{"_monsterinsights_skip_tracking":false,"_monsterinsights_sitenote_active":false,"_monsterinsights_sitenote_note":"","_monsterinsights_sitenote_category":0,"site-sidebar-layout":"default","site-content-layout":"","ast-site-content-layout":"default","site-content-style":"default","site-sidebar-style":"default","ast-global-header-display":"","ast-banner-title-visibility":"","ast-main-header-display":"","ast-hfb-above-header-display":"","ast-hfb-below-header-display":"","ast-hfb-mobile-header-display":"","site-post-title":"","ast-breadcrumbs-content":"","ast-featured-img":"","footer-sml-layout":"","theme-transparent-header-meta":"default","adv-header-id-meta":"","stick-header-meta":"","header-above-stick-meta":"","header-main-stick-meta":"","header-below-stick-meta":"","astra-migrate-meta-layouts":"set","ast-page-background-enabled":"default","ast-page-background-meta":{"desktop":{"background-color":"var(--ast-global-color-4)","background-image":"","background-repeat":"repeat","background-position":"center center","background-size":"auto","background-attachment":"scroll","background-type":"","background-media":"","overlay-type":"","overlay-color":"","overlay-opacity":"","overlay-gradient":""},"tablet":{"background-color":"","background-image":"","background-repeat":"repeat","background-position":"center center","background-size":"auto","background-attachment":"scroll","background-type":"","background-media":"","overlay-type":"","overlay-color":"","overlay-opacity":"","overlay-gradient":""},"mobile":{"background-color":"","background-image":"","background-repeat":"repeat","background-position":"center center","background-size":"auto","background-attachment":"scroll","background-type":"","background-media":"","overlay-type":"","overlay-color":"","overlay-opacity":"","overlay-gradient":""}},"ast-content-background-meta":{"desktop":{"background-color":"var(--ast-global-color-5)","background-image":"","background-repeat":"repeat","background-position":"center center","background-size":"auto","background-attachment":"scroll","background-type":"","background-media":"","overlay-type":"","overlay-color":"","overlay-opacity":"","overlay-gradient":""},"tablet":{"background-color":"var(--ast-global-color-5)","background-image":"","background-repeat":"repeat","background-position":"center center","background-size":"auto","background-attachment":"scroll","background-type":"","background-media":"","overlay-type":"","overlay-color":"","overlay-opacity":"","overlay-gradient":""},"mobile":{"background-color":"var(--ast-global-color-5)","background-image":"","background-repeat":"repeat","background-position":"center center","background-size":"auto","background-attachment":"scroll","background-type":"","background-media":"","overlay-type":"","overlay-color":"","overlay-opacity":"","overlay-gradient":""}}},"product_brand":[],"product_cat":[27,18,22],"product_tag":[],"class_list":{"0":"post-2504","1":"product","2":"type-product","3":"status-publish","4":"has-post-thumbnail","6":"product_cat-biothane-nastavljivi-povodci","7":"product_cat-povodci","8":"product_cat-biothane-povodci","9":"desktop-align-left","10":"tablet-align-left","11":"mobile-align-left","13":"first","14":"instock","15":"shipping-taxable","16":"purchasable","17":"product-type-variable"},"_links":{"self":[{"href":"https:\/\/skajko.si\/en\/wp-json\/wp\/v2\/product\/2504","targetHints":{"allow":["GET"]}}],"collection":[{"href":"https:\/\/skajko.si\/en\/wp-json\/wp\/v2\/product"}],"about":[{"href":"https:\/\/skajko.si\/en\/wp-json\/wp\/v2\/types\/product"}],"wp:featuredmedia":[{"embeddable":true,"href":"https:\/\/skajko.si\/en\/wp-json\/wp\/v2\/media\/2599"}],"wp:attachment":[{"href":"https:\/\/skajko.si\/en\/wp-json\/wp\/v2\/media?parent=2504"}],"wp:term":[{"taxonomy":"product_brand","embeddable":true,"href":"https:\/\/skajko.si\/en\/wp-json\/wp\/v2\/product_brand?post=2504"},{"taxonomy":"product_cat","embeddable":true,"href":"https:\/\/skajko.si\/en\/wp-json\/wp\/v2\/product_cat?post=2504"},{"taxonomy":"product_tag","embeddable":true,"href":"https:\/\/skajko.si\/en\/wp-json\/wp\/v2\/product_tag?post=2504"}],"curies":[{"name":"wp","href":"https:\/\/api.w.org\/{rel}","templated":true}]}}