{"id":2467,"date":"2025-03-17T11:22:58","date_gmt":"2025-03-17T10:22:58","guid":{"rendered":"https:\/\/skajko.si\/?post_type=product&#038;p=2467"},"modified":"2025-06-05T13:22:08","modified_gmt":"2025-06-05T11:22:08","slug":"biothane-klasicen-povodec-temno-modra","status":"publish","type":"product","link":"https:\/\/skajko.si\/en\/product\/biothane-klasicen-povodec-temno-modra\/","title":{"rendered":"Classic leash made from BioThane\u00ae webbing - navy blue"},"content":{"rendered":"<p>Povodci narejeni iz BioThane\u00ae trakuso zasnovani z mislijo na vzdr\u017eljivost in prakti\u010dnost, zaradi \u010desar so idealna izbira za vodnike psov pri vsakodnevnih sprehodih in aktivnostih. Na voljo so v dveh dol\u017einah:<\/p>\n<ul>\n<li><b>125 cm<\/b>: Kompaktna re\u0161itev, kot nala\u0161\u010d za nadzorovane mestne sprehode.<\/li>\n<li><b>165 cm<\/b>: Odli\u010dna izbira za dalj\u0161e pohode, kjer pes potrebuje ve\u010d svobode gibanja.<\/li>\n<\/ul>\n<p>Material BioThane\u00ae slovi po izjemni odpornosti na obrabo, vlago in umazanijo ter enostavnem \u010di\u0161\u010denju, kar zagotavlja brezskrbno uporabo v vseh pogojih. Povodec vklju\u010duje priro\u010dno dr\u017ealo za dre\u010dke, ki poskrbi za urejenost tudi tam, kjer ko\u0161i za smeti niso na dosegu, ter elegantno zaklju\u010dene robove, ki poudarjajo estetsko dovr\u0161enost in \u0161\u010ditijo material pred obrabo.<\/p>\n<p>Z estetsko dovr\u0161enim videzom in \u0161iroko paleto barvnih mo\u017enosti povodec omogo\u010da prilagoditev va\u0161emu osebnemu slogu, njegova robustna zasnova pa zagotavlja dolgo \u017eivljenjsko dobo. Ne glede na vreme \u2013 de\u017e, sneg ali sonce \u2013 povodci ostajajo zanesljivi spremljevalci.<\/p>\n<p>S povodcem zdru\u017eujete funkcionalnost in eleganco ter svojemu psu zagotavljate udobje in varnost, medtem ko vi u\u017eivate v brezskrbnem sprehajanju.<\/p>\n<p><span class=\"css-1jxf684 r-bcqeeo r-1ttztb7 r-qvutc0 r-poiln3 r-b88u0q r-a8ghvy\"><span class=\"css-1jxf684 r-bcqeeo r-1ttztb7 r-qvutc0 r-poiln3\"><span class=\"css-1jxf684 r-bcqeeo r-1ttztb7 r-qvutc0 r-poiln3 r-a8ghvy\"><strong>Opozorilo<\/strong>:<\/span><\/span><\/span><span class=\"css-1jxf684 r-bcqeeo r-1ttztb7 r-qvutc0 r-poiln3 r-a8ghvy\"><span class=\"css-1jxf684 r-bcqeeo r-1ttztb7 r-qvutc0 r-poiln3\"> Navadni izdelek ni primeren za uporabo v slani vodi, saj lahko povzro\u010di rjavenje kovinskih delov. Z izbiro nerjave\u010dega jekla je izdelek odporen na slano vodo, pri \u010demer se zaradi \u010dika\u0161kih vijakov in prilagojenega okovja videz nekoliko razlikuje od izdelka na sliki.<\/span><\/span><\/p>","protected":false},"excerpt":{"rendered":"<p>Povodci narejeni iz BioThane\u00ae trakuso zasnovani z mislijo na vzdr\u017eljivost in prakti\u010dnost, zaradi \u010desar so idealna izbira za vodnike psov pri vsakodnevnih sprehodih in aktivnostih. Na voljo so v dveh dol\u017einah: 125 cm: Kompaktna re\u0161itev, kot nala\u0161\u010d za nadzorovane mestne sprehode. 165 cm: Odli\u010dna izbira za dalj\u0161e pohode, kjer pes potrebuje ve\u010d svobode gibanja. Material [&hellip;]<\/p>\n","protected":false},"featured_media":2426,"template":"","meta":{"_monsterinsights_skip_tracking":false,"_monsterinsights_sitenote_active":false,"_monsterinsights_sitenote_note":"","_monsterinsights_sitenote_category":0,"site-sidebar-layout":"default","site-content-layout":"","ast-site-content-layout":"default","site-content-style":"default","site-sidebar-style":"default","ast-global-header-display":"","ast-banner-title-visibility":"","ast-main-header-display":"","ast-hfb-above-header-display":"","ast-hfb-below-header-display":"","ast-hfb-mobile-header-display":"","site-post-title":"","ast-breadcrumbs-content":"","ast-featured-img":"","footer-sml-layout":"","theme-transparent-header-meta":"default","adv-header-id-meta":"","stick-header-meta":"","header-above-stick-meta":"","header-main-stick-meta":"","header-below-stick-meta":"","astra-migrate-meta-layouts":"set","ast-page-background-enabled":"default","ast-page-background-meta":{"desktop":{"background-color":"var(--ast-global-color-4)","background-image":"","background-repeat":"repeat","background-position":"center center","background-size":"auto","background-attachment":"scroll","background-type":"","background-media":"","overlay-type":"","overlay-color":"","overlay-opacity":"","overlay-gradient":""},"tablet":{"background-color":"","background-image":"","background-repeat":"repeat","background-position":"center center","background-size":"auto","background-attachment":"scroll","background-type":"","background-media":"","overlay-type":"","overlay-color":"","overlay-opacity":"","overlay-gradient":""},"mobile":{"background-color":"","background-image":"","background-repeat":"repeat","background-position":"center center","background-size":"auto","background-attachment":"scroll","background-type":"","background-media":"","overlay-type":"","overlay-color":"","overlay-opacity":"","overlay-gradient":""}},"ast-content-background-meta":{"desktop":{"background-color":"var(--ast-global-color-5)","background-image":"","background-repeat":"repeat","background-position":"center center","background-size":"auto","background-attachment":"scroll","background-type":"","background-media":"","overlay-type":"","overlay-color":"","overlay-opacity":"","overlay-gradient":""},"tablet":{"background-color":"var(--ast-global-color-5)","background-image":"","background-repeat":"repeat","background-position":"center center","background-size":"auto","background-attachment":"scroll","background-type":"","background-media":"","overlay-type":"","overlay-color":"","overlay-opacity":"","overlay-gradient":""},"mobile":{"background-color":"var(--ast-global-color-5)","background-image":"","background-repeat":"repeat","background-position":"center center","background-size":"auto","background-attachment":"scroll","background-type":"","background-media":"","overlay-type":"","overlay-color":"","overlay-opacity":"","overlay-gradient":""}}},"product_brand":[],"product_cat":[26,18,22],"product_tag":[],"class_list":{"0":"post-2467","1":"product","2":"type-product","3":"status-publish","4":"has-post-thumbnail","6":"product_cat-biothane-klasicni-povodci","7":"product_cat-povodci","8":"product_cat-biothane-povodci","9":"desktop-align-left","10":"tablet-align-left","11":"mobile-align-left","13":"first","14":"instock","15":"shipping-taxable","16":"purchasable","17":"product-type-variable"},"_links":{"self":[{"href":"https:\/\/skajko.si\/en\/wp-json\/wp\/v2\/product\/2467","targetHints":{"allow":["GET"]}}],"collection":[{"href":"https:\/\/skajko.si\/en\/wp-json\/wp\/v2\/product"}],"about":[{"href":"https:\/\/skajko.si\/en\/wp-json\/wp\/v2\/types\/product"}],"wp:featuredmedia":[{"embeddable":true,"href":"https:\/\/skajko.si\/en\/wp-json\/wp\/v2\/media\/2426"}],"wp:attachment":[{"href":"https:\/\/skajko.si\/en\/wp-json\/wp\/v2\/media?parent=2467"}],"wp:term":[{"taxonomy":"product_brand","embeddable":true,"href":"https:\/\/skajko.si\/en\/wp-json\/wp\/v2\/product_brand?post=2467"},{"taxonomy":"product_cat","embeddable":true,"href":"https:\/\/skajko.si\/en\/wp-json\/wp\/v2\/product_cat?post=2467"},{"taxonomy":"product_tag","embeddable":true,"href":"https:\/\/skajko.si\/en\/wp-json\/wp\/v2\/product_tag?post=2467"}],"curies":[{"name":"wp","href":"https:\/\/api.w.org\/{rel}","templated":true}]}}