{"id":2389,"date":"2025-03-17T09:41:27","date_gmt":"2025-03-17T08:41:27","guid":{"rendered":"https:\/\/skajko.si\/?post_type=product&#038;p=2389"},"modified":"2025-06-05T13:28:05","modified_gmt":"2025-06-05T11:28:05","slug":"biothane-ovratnica-temno-modra","status":"publish","type":"product","link":"https:\/\/skajko.si\/en\/product\/biothane-ovratnica-temno-modra\/","title":{"rendered":"Collar made from BioThane\u00ae webbing - navy blue"},"content":{"rendered":"<p>Ovratnice narejene iz BioThane\u00ae traku so izdelane iz visokokakovostnega materiala, ki slovi po izjemni trpe\u017enosti in odpornosti na obrabo. Ne vpija vlage ali umazanije, kar omogo\u010da enostavno vzdr\u017eevanje in hitro \u010di\u0161\u010denje \u2013 povsem brez skrbi, tudi po razmo\u010denih sprehodih. <span class=\"Apple-converted-space\">\u00a0<\/span><\/p>\n<p>Na voljo so v \u0161tirih velikostih, primerne za vse pasme in velikosti psov: <span class=\"Apple-converted-space\">\u00a0<\/span><\/p>\n<ul>\n<li><b>XS<\/b>: \u0161irina 16 mm, obseg 22\u201331 cm <span class=\"Apple-converted-space\">\u00a0<\/span><\/li>\n<li><b>S<\/b>: \u0161irina 16 mm, obseg 27\u201341 cm <span class=\"Apple-converted-space\">\u00a0<\/span><\/li>\n<li><b>M<\/b>: \u0161irina 20 mm, obseg 35\u201352 cm <span class=\"Apple-converted-space\">\u00a0<\/span><\/li>\n<li><b>L<\/b>: \u0161irina 25 mm, obseg 44\u201366 cm<\/li>\n<\/ul>\n<p>Zaradi svoje mehkobe ovratnice zagotavljajo udobje va\u0161emu psu pri vsakodnevnem no\u0161enju, hkrati pa so dovolj robustne, da kosajo tako mestnim sprehodom kot zahtevnej\u0161im avanturam v naravi. Poleg prakti\u010dnosti navdu\u0161ujejo z elegantnim videzom in \u0161iroko paleto barvnih mo\u017enosti, ki vodnikom psov omogo\u010dajo izbiro po svojem okusu in slogu. <span class=\"Apple-converted-space\">\u00a0<\/span><\/p>\n<p>Ovratnice so idealna izbira za vse, ki i\u0161\u010dejo zanesljivo opremo \u2013 bodisi za kratke sprehode po mestu bodisi za raziskovanje narave. Zdru\u017eujejo vzdr\u017eljivost, udobje in estetiko v popolnem ravnovesju za vas in va\u0161ega \u0161tirino\u017enega sopotnika.<\/p>\n<p><span class=\"css-1jxf684 r-bcqeeo r-1ttztb7 r-qvutc0 r-poiln3 r-b88u0q r-a8ghvy\"><span class=\"css-1jxf684 r-bcqeeo r-1ttztb7 r-qvutc0 r-poiln3\"><span class=\"css-1jxf684 r-bcqeeo r-1ttztb7 r-qvutc0 r-poiln3 r-a8ghvy\"><strong>Opozorilo<\/strong>:<\/span><\/span><\/span><span class=\"css-1jxf684 r-bcqeeo r-1ttztb7 r-qvutc0 r-poiln3 r-a8ghvy\"><span class=\"css-1jxf684 r-bcqeeo r-1ttztb7 r-qvutc0 r-poiln3\"> Navadni izdelek ni primeren za uporabo v slani vodi, saj lahko povzro\u010di rjavenje kovinskih delov. Z izbiro nerjave\u010dega jekla je izdelek odporen na slano vodo, pri \u010demer se zaradi \u010dika\u0161kih vijakov in prilagojenega okovja videz nekoliko razlikuje od izdelka na sliki.<\/span><\/span><\/p>","protected":false},"excerpt":{"rendered":"<p>Ovratnice narejene iz BioThane\u00ae traku so izdelane iz visokokakovostnega materiala, ki slovi po izjemni trpe\u017enosti in odpornosti na obrabo. Ne vpija vlage ali umazanije, kar omogo\u010da enostavno vzdr\u017eevanje in hitro \u010di\u0161\u010denje \u2013 povsem brez skrbi, tudi po razmo\u010denih sprehodih. \u00a0 Na voljo so v \u0161tirih velikostih, primerne za vse pasme in velikosti psov: \u00a0 XS: [&hellip;]<\/p>\n","protected":false},"featured_media":2634,"template":"","meta":{"_monsterinsights_skip_tracking":false,"_monsterinsights_sitenote_active":false,"_monsterinsights_sitenote_note":"","_monsterinsights_sitenote_category":0,"site-sidebar-layout":"default","site-content-layout":"","ast-site-content-layout":"default","site-content-style":"default","site-sidebar-style":"default","ast-global-header-display":"","ast-banner-title-visibility":"","ast-main-header-display":"","ast-hfb-above-header-display":"","ast-hfb-below-header-display":"","ast-hfb-mobile-header-display":"","site-post-title":"","ast-breadcrumbs-content":"","ast-featured-img":"","footer-sml-layout":"","theme-transparent-header-meta":"default","adv-header-id-meta":"","stick-header-meta":"","header-above-stick-meta":"","header-main-stick-meta":"","header-below-stick-meta":"","astra-migrate-meta-layouts":"set","ast-page-background-enabled":"default","ast-page-background-meta":{"desktop":{"background-color":"var(--ast-global-color-4)","background-image":"","background-repeat":"repeat","background-position":"center center","background-size":"auto","background-attachment":"scroll","background-type":"","background-media":"","overlay-type":"","overlay-color":"","overlay-opacity":"","overlay-gradient":""},"tablet":{"background-color":"","background-image":"","background-repeat":"repeat","background-position":"center center","background-size":"auto","background-attachment":"scroll","background-type":"","background-media":"","overlay-type":"","overlay-color":"","overlay-opacity":"","overlay-gradient":""},"mobile":{"background-color":"","background-image":"","background-repeat":"repeat","background-position":"center center","background-size":"auto","background-attachment":"scroll","background-type":"","background-media":"","overlay-type":"","overlay-color":"","overlay-opacity":"","overlay-gradient":""}},"ast-content-background-meta":{"desktop":{"background-color":"var(--ast-global-color-5)","background-image":"","background-repeat":"repeat","background-position":"center center","background-size":"auto","background-attachment":"scroll","background-type":"","background-media":"","overlay-type":"","overlay-color":"","overlay-opacity":"","overlay-gradient":""},"tablet":{"background-color":"var(--ast-global-color-5)","background-image":"","background-repeat":"repeat","background-position":"center center","background-size":"auto","background-attachment":"scroll","background-type":"","background-media":"","overlay-type":"","overlay-color":"","overlay-opacity":"","overlay-gradient":""},"mobile":{"background-color":"var(--ast-global-color-5)","background-image":"","background-repeat":"repeat","background-position":"center center","background-size":"auto","background-attachment":"scroll","background-type":"","background-media":"","overlay-type":"","overlay-color":"","overlay-opacity":"","overlay-gradient":""}}},"product_brand":[],"product_cat":[21,24],"product_tag":[],"class_list":{"0":"post-2389","1":"product","2":"type-product","3":"status-publish","4":"has-post-thumbnail","6":"product_cat-ovratnice","7":"product_cat-biothane-ovratnice","8":"desktop-align-left","9":"tablet-align-left","10":"mobile-align-left","12":"first","13":"instock","14":"shipping-taxable","15":"purchasable","16":"product-type-variable"},"_links":{"self":[{"href":"https:\/\/skajko.si\/en\/wp-json\/wp\/v2\/product\/2389","targetHints":{"allow":["GET"]}}],"collection":[{"href":"https:\/\/skajko.si\/en\/wp-json\/wp\/v2\/product"}],"about":[{"href":"https:\/\/skajko.si\/en\/wp-json\/wp\/v2\/types\/product"}],"wp:featuredmedia":[{"embeddable":true,"href":"https:\/\/skajko.si\/en\/wp-json\/wp\/v2\/media\/2634"}],"wp:attachment":[{"href":"https:\/\/skajko.si\/en\/wp-json\/wp\/v2\/media?parent=2389"}],"wp:term":[{"taxonomy":"product_brand","embeddable":true,"href":"https:\/\/skajko.si\/en\/wp-json\/wp\/v2\/product_brand?post=2389"},{"taxonomy":"product_cat","embeddable":true,"href":"https:\/\/skajko.si\/en\/wp-json\/wp\/v2\/product_cat?post=2389"},{"taxonomy":"product_tag","embeddable":true,"href":"https:\/\/skajko.si\/en\/wp-json\/wp\/v2\/product_tag?post=2389"}],"curies":[{"name":"wp","href":"https:\/\/api.w.org\/{rel}","templated":true}]}}