{"id":1448,"date":"2022-08-25T13:27:00","date_gmt":"2022-08-25T13:27:00","guid":{"rendered":"https:\/\/skajko.si\/home\/"},"modified":"2025-04-07T12:16:26","modified_gmt":"2025-04-07T10:16:26","slug":"home","status":"publish","type":"page","link":"https:\/\/skajko.si\/en\/","title":{"rendered":"Home"},"content":{"rendered":"<div data-elementor-type=\"wp-page\" data-elementor-id=\"1448\" class=\"elementor elementor-1448\">\n\t\t\t\t<div class=\"elementor-element elementor-element-9783628 e-flex e-con-boxed e-con e-parent\" data-id=\"9783628\" data-element_type=\"container\" data-e-type=\"container\" data-settings=\"{&quot;background_background&quot;:&quot;classic&quot;}\">\n\t\t\t\t\t<div class=\"e-con-inner\">\n\t\t<div class=\"elementor-element elementor-element-05ba369 e-con-full e-flex e-con e-child\" data-id=\"05ba369\" data-element_type=\"container\" data-e-type=\"container\">\n\t\t\t\t<div class=\"elementor-element elementor-element-5117318 elementor-widget elementor-widget-spacer\" data-id=\"5117318\" data-element_type=\"widget\" data-e-type=\"widget\" data-widget_type=\"spacer.default\">\n\t\t\t\t<div class=\"elementor-widget-container\">\n\t\t\t\t\t\t\t<div class=\"elementor-spacer\">\n\t\t\t<div class=\"elementor-spacer-inner\"><\/div>\n\t\t<\/div>\n\t\t\t\t\t\t<\/div>\n\t\t\t\t<\/div>\n\t\t\t\t<\/div>\n\t\t\t\t\t<\/div>\n\t\t\t\t<\/div>\n\t\t<div class=\"elementor-element elementor-element-6f48115 e-flex e-con-boxed e-con e-parent\" data-id=\"6f48115\" data-element_type=\"container\" data-e-type=\"container\">\n\t\t\t\t\t<div class=\"e-con-inner\">\n\t\t\t\t<div class=\"elementor-element elementor-element-d2f1857 elementor-widget elementor-widget-heading\" data-id=\"d2f1857\" data-element_type=\"widget\" data-e-type=\"widget\" data-widget_type=\"heading.default\">\n\t\t\t\t<div class=\"elementor-widget-container\">\n\t\t\t\t\t<h1 class=\"elementor-heading-title elementor-size-default\">Welcome to Skajko!<\/h1>\t\t\t\t<\/div>\n\t\t\t\t<\/div>\n\t\t\t\t\t<\/div>\n\t\t\t\t<\/div>\n\t\t<div class=\"elementor-element elementor-element-ce74266 e-con-full e-flex e-con e-parent\" data-id=\"ce74266\" data-element_type=\"container\" data-e-type=\"container\" data-settings=\"{&quot;background_background&quot;:&quot;classic&quot;}\">\n\t\t\t\t<div class=\"elementor-element elementor-element-487dcb1 elementor-arrows-position-inside elementor-pagination-position-outside elementor-widget elementor-widget-image-carousel\" data-id=\"487dcb1\" data-element_type=\"widget\" data-e-type=\"widget\" data-settings=\"{&quot;slides_to_show&quot;:&quot;4&quot;,&quot;image_spacing_custom_tablet&quot;:{&quot;unit&quot;:&quot;px&quot;,&quot;size&quot;:20,&quot;sizes&quot;:[]},&quot;image_spacing_custom_mobile&quot;:{&quot;unit&quot;:&quot;px&quot;,&quot;size&quot;:10,&quot;sizes&quot;:[]},&quot;navigation&quot;:&quot;both&quot;,&quot;autoplay&quot;:&quot;yes&quot;,&quot;pause_on_hover&quot;:&quot;yes&quot;,&quot;pause_on_interaction&quot;:&quot;yes&quot;,&quot;autoplay_speed&quot;:5000,&quot;infinite&quot;:&quot;yes&quot;,&quot;speed&quot;:500,&quot;image_spacing_custom&quot;:{&quot;unit&quot;:&quot;px&quot;,&quot;size&quot;:20,&quot;sizes&quot;:[]}}\" data-widget_type=\"image-carousel.default\">\n\t\t\t\t<div class=\"elementor-widget-container\">\n\t\t\t\t\t\t\t<div class=\"elementor-image-carousel-wrapper swiper\" role=\"region\" aria-roledescription=\"carousel\" aria-label=\"Image Carousel\" dir=\"ltr\">\n\t\t\t<div class=\"elementor-image-carousel swiper-wrapper\" aria-live=\"off\">\n\t\t\t\t\t\t\t\t<div class=\"swiper-slide\" role=\"group\" aria-roledescription=\"slide\" aria-label=\"1 of 15\"><a data-elementor-open-lightbox=\"yes\" data-elementor-lightbox-slideshow=\"487dcb1\" data-elementor-lightbox-title=\"IMG_0238\" data-e-action-hash=\"#elementor-action%3Aaction%3Dlightbox%26settings%3DeyJpZCI6MjI3NSwidXJsIjoiaHR0cHM6XC9cL3NrYWprby5zaVwvd3AtY29udGVudFwvdXBsb2Fkc1wvMjAyNVwvMDNcL0lNR18wMjM4LTEuanBnIiwic2xpZGVzaG93IjoiNDg3ZGNiMSJ9\" href=\"https:\/\/skajko.si\/wp-content\/uploads\/2025\/03\/IMG_0238-1.jpg\"><figure class=\"swiper-slide-inner\"><img decoding=\"async\" class=\"swiper-slide-image\" src=\"https:\/\/skajko.si\/wp-content\/uploads\/2025\/03\/IMG_0238-1-600x600.jpg\" alt=\"IMG_0238\" \/><\/figure><\/a><\/div><div class=\"swiper-slide\" role=\"group\" aria-roledescription=\"slide\" aria-label=\"2 of 15\"><a data-elementor-open-lightbox=\"yes\" data-elementor-lightbox-slideshow=\"487dcb1\" data-elementor-lightbox-title=\"BIOTHANE-nastavljivipovodec-applegreen-19mm\" data-e-action-hash=\"#elementor-action%3Aaction%3Dlightbox%26settings%3DeyJpZCI6MjQ5MSwidXJsIjoiaHR0cHM6XC9cL3NrYWprby5zaVwvd3AtY29udGVudFwvdXBsb2Fkc1wvMjAyNVwvMDNcL0JJT1RIQU5FLW5hc3RhdmxqaXZpcG92b2RlYy1hcHBsZWdyZWVuLTE5bW0tMS5qcGciLCJzbGlkZXNob3ciOiI0ODdkY2IxIn0%3D\" href=\"https:\/\/skajko.si\/wp-content\/uploads\/2025\/03\/BIOTHANE-nastavljivipovodec-applegreen-19mm-1.jpg\"><figure class=\"swiper-slide-inner\"><img decoding=\"async\" class=\"swiper-slide-image\" src=\"https:\/\/skajko.si\/wp-content\/uploads\/2025\/03\/BIOTHANE-nastavljivipovodec-applegreen-19mm-1-600x600.jpg\" alt=\"BIOTHANE-nastavljivipovodec-applegreen-19mm\" \/><\/figure><\/a><\/div><div class=\"swiper-slide\" role=\"group\" aria-roledescription=\"slide\" aria-label=\"3 of 15\"><a data-elementor-open-lightbox=\"yes\" data-elementor-lightbox-slideshow=\"487dcb1\" data-elementor-lightbox-title=\"BIOTHANE-ovratnica-applegreen-L1\" data-e-action-hash=\"#elementor-action%3Aaction%3Dlightbox%26settings%3DeyJpZCI6MjM3NiwidXJsIjoiaHR0cHM6XC9cL3NrYWprby5zaVwvd3AtY29udGVudFwvdXBsb2Fkc1wvMjAyNVwvMDNcL0JJT1RIQU5FLW92cmF0bmljYS1hcHBsZWdyZWVuLUwxLmpwZyIsInNsaWRlc2hvdyI6IjQ4N2RjYjEifQ%3D%3D\" href=\"https:\/\/skajko.si\/wp-content\/uploads\/2025\/03\/BIOTHANE-ovratnica-applegreen-L1.jpg\"><figure class=\"swiper-slide-inner\"><img decoding=\"async\" class=\"swiper-slide-image\" src=\"https:\/\/skajko.si\/wp-content\/uploads\/2025\/03\/BIOTHANE-ovratnica-applegreen-L1-600x600.jpg\" alt=\"BIOTHANE-ovratnica-applegreen-L1\" \/><\/figure><\/a><\/div><div class=\"swiper-slide\" role=\"group\" aria-roledescription=\"slide\" aria-label=\"4 of 15\"><a data-elementor-open-lightbox=\"yes\" data-elementor-lightbox-slideshow=\"487dcb1\" data-elementor-lightbox-title=\"HEXA-ovratnica-teal-L\" data-e-action-hash=\"#elementor-action%3Aaction%3Dlightbox%26settings%3DeyJpZCI6MjMwNSwidXJsIjoiaHR0cHM6XC9cL3NrYWprby5zaVwvd3AtY29udGVudFwvdXBsb2Fkc1wvMjAyNVwvMDNcL0hFWEEtb3ZyYXRuaWNhLXRlYWwtTC5qcGciLCJzbGlkZXNob3ciOiI0ODdkY2IxIn0%3D\" href=\"https:\/\/skajko.si\/wp-content\/uploads\/2025\/03\/HEXA-ovratnica-teal-L.jpg\"><figure class=\"swiper-slide-inner\"><img decoding=\"async\" class=\"swiper-slide-image\" src=\"https:\/\/skajko.si\/wp-content\/uploads\/2025\/03\/HEXA-ovratnica-teal-L-600x600.jpg\" alt=\"HEXA-ovratnica-teal-L\" \/><\/figure><\/a><\/div><div class=\"swiper-slide\" role=\"group\" aria-roledescription=\"slide\" aria-label=\"5 of 15\"><a data-elementor-open-lightbox=\"yes\" data-elementor-lightbox-slideshow=\"487dcb1\" data-elementor-lightbox-title=\"IMG_0266\" data-e-action-hash=\"#elementor-action%3Aaction%3Dlightbox%26settings%3DeyJpZCI6MjYyMiwidXJsIjoiaHR0cHM6XC9cL3NrYWprby5zaVwvd3AtY29udGVudFwvdXBsb2Fkc1wvMjAyNVwvMDNcL0lNR18wMjY2LTIuanBnIiwic2xpZGVzaG93IjoiNDg3ZGNiMSJ9\" href=\"https:\/\/skajko.si\/wp-content\/uploads\/2025\/03\/IMG_0266-2.jpg\"><figure class=\"swiper-slide-inner\"><img decoding=\"async\" class=\"swiper-slide-image\" src=\"https:\/\/skajko.si\/wp-content\/uploads\/2025\/03\/IMG_0266-2-600x600.jpg\" alt=\"IMG_0266\" \/><\/figure><\/a><\/div><div class=\"swiper-slide\" role=\"group\" aria-roledescription=\"slide\" aria-label=\"6 of 15\"><a data-elementor-open-lightbox=\"yes\" data-elementor-lightbox-slideshow=\"487dcb1\" data-elementor-lightbox-title=\"IMG_02597\" data-e-action-hash=\"#elementor-action%3Aaction%3Dlightbox%26settings%3DeyJpZCI6MjYzOCwidXJsIjoiaHR0cHM6XC9cL3NrYWprby5zaVwvd3AtY29udGVudFwvdXBsb2Fkc1wvMjAyNVwvMDNcL0lNR18wMjU5Ny5qcGciLCJzbGlkZXNob3ciOiI0ODdkY2IxIn0%3D\" href=\"https:\/\/skajko.si\/wp-content\/uploads\/2025\/03\/IMG_02597.jpg\"><figure class=\"swiper-slide-inner\"><img decoding=\"async\" class=\"swiper-slide-image\" src=\"https:\/\/skajko.si\/wp-content\/uploads\/2025\/03\/IMG_02597-600x600.jpg\" alt=\"IMG_02597\" \/><\/figure><\/a><\/div><div class=\"swiper-slide\" role=\"group\" aria-roledescription=\"slide\" aria-label=\"7 of 15\"><a data-elementor-open-lightbox=\"yes\" data-elementor-lightbox-slideshow=\"487dcb1\" data-elementor-lightbox-title=\"IMG_0256\" data-e-action-hash=\"#elementor-action%3Aaction%3Dlightbox%26settings%3DeyJpZCI6MjYzNSwidXJsIjoiaHR0cHM6XC9cL3NrYWprby5zaVwvd3AtY29udGVudFwvdXBsb2Fkc1wvMjAyNVwvMDNcL0lNR18wMjU2LTEuanBnIiwic2xpZGVzaG93IjoiNDg3ZGNiMSJ9\" href=\"https:\/\/skajko.si\/wp-content\/uploads\/2025\/03\/IMG_0256-1.jpg\"><figure class=\"swiper-slide-inner\"><img decoding=\"async\" class=\"swiper-slide-image\" src=\"https:\/\/skajko.si\/wp-content\/uploads\/2025\/03\/IMG_0256-1-600x600.jpg\" alt=\"IMG_0256\" \/><\/figure><\/a><\/div><div class=\"swiper-slide\" role=\"group\" aria-roledescription=\"slide\" aria-label=\"8 of 15\"><a data-elementor-open-lightbox=\"yes\" data-elementor-lightbox-slideshow=\"487dcb1\" data-elementor-lightbox-title=\"IMG_0260\" data-e-action-hash=\"#elementor-action%3Aaction%3Dlightbox%26settings%3DeyJpZCI6MjYzNCwidXJsIjoiaHR0cHM6XC9cL3NrYWprby5zaVwvd3AtY29udGVudFwvdXBsb2Fkc1wvMjAyNVwvMDNcL0lNR18wMjYwLTEuanBnIiwic2xpZGVzaG93IjoiNDg3ZGNiMSJ9\" href=\"https:\/\/skajko.si\/wp-content\/uploads\/2025\/03\/IMG_0260-1.jpg\"><figure class=\"swiper-slide-inner\"><img decoding=\"async\" class=\"swiper-slide-image\" src=\"https:\/\/skajko.si\/wp-content\/uploads\/2025\/03\/IMG_0260-1-600x600.jpg\" alt=\"IMG_0260\" \/><\/figure><\/a><\/div><div class=\"swiper-slide\" role=\"group\" aria-roledescription=\"slide\" aria-label=\"9 of 15\"><a data-elementor-open-lightbox=\"yes\" data-elementor-lightbox-slideshow=\"487dcb1\" data-elementor-lightbox-title=\"IMG_0257\" data-e-action-hash=\"#elementor-action%3Aaction%3Dlightbox%26settings%3DeyJpZCI6MjYzMywidXJsIjoiaHR0cHM6XC9cL3NrYWprby5zaVwvd3AtY29udGVudFwvdXBsb2Fkc1wvMjAyNVwvMDNcL0lNR18wMjU3LTEuanBnIiwic2xpZGVzaG93IjoiNDg3ZGNiMSJ9\" href=\"https:\/\/skajko.si\/wp-content\/uploads\/2025\/03\/IMG_0257-1.jpg\"><figure class=\"swiper-slide-inner\"><img decoding=\"async\" class=\"swiper-slide-image\" src=\"https:\/\/skajko.si\/wp-content\/uploads\/2025\/03\/IMG_0257-1-600x600.jpg\" alt=\"IMG_0257\" \/><\/figure><\/a><\/div><div class=\"swiper-slide\" role=\"group\" aria-roledescription=\"slide\" aria-label=\"10 of 15\"><a data-elementor-open-lightbox=\"yes\" data-elementor-lightbox-slideshow=\"487dcb1\" data-elementor-lightbox-title=\"IMG_0258\" data-e-action-hash=\"#elementor-action%3Aaction%3Dlightbox%26settings%3DeyJpZCI6MjYzMiwidXJsIjoiaHR0cHM6XC9cL3NrYWprby5zaVwvd3AtY29udGVudFwvdXBsb2Fkc1wvMjAyNVwvMDNcL0lNR18wMjU4LTEuanBnIiwic2xpZGVzaG93IjoiNDg3ZGNiMSJ9\" href=\"https:\/\/skajko.si\/wp-content\/uploads\/2025\/03\/IMG_0258-1.jpg\"><figure class=\"swiper-slide-inner\"><img decoding=\"async\" class=\"swiper-slide-image\" src=\"https:\/\/skajko.si\/wp-content\/uploads\/2025\/03\/IMG_0258-1-600x600.jpg\" alt=\"IMG_0258\" \/><\/figure><\/a><\/div><div class=\"swiper-slide\" role=\"group\" aria-roledescription=\"slide\" aria-label=\"11 of 15\"><a data-elementor-open-lightbox=\"yes\" data-elementor-lightbox-slideshow=\"487dcb1\" data-elementor-lightbox-title=\"HEXA-nastavljivipovodec-teal-16mm\" data-e-action-hash=\"#elementor-action%3Aaction%3Dlightbox%26settings%3DeyJpZCI6MjU2OSwidXJsIjoiaHR0cHM6XC9cL3NrYWprby5zaVwvd3AtY29udGVudFwvdXBsb2Fkc1wvMjAyNVwvMDNcL0hFWEEtbmFzdGF2bGppdmlwb3ZvZGVjLXRlYWwtMTZtbS5qcGciLCJzbGlkZXNob3ciOiI0ODdkY2IxIn0%3D\" href=\"https:\/\/skajko.si\/wp-content\/uploads\/2025\/03\/HEXA-nastavljivipovodec-teal-16mm.jpg\"><figure class=\"swiper-slide-inner\"><img decoding=\"async\" class=\"swiper-slide-image\" src=\"https:\/\/skajko.si\/wp-content\/uploads\/2025\/03\/HEXA-nastavljivipovodec-teal-16mm-600x600.jpg\" alt=\"HEXA-nastavljivipovodec-teal-16mm\" \/><\/figure><\/a><\/div><div class=\"swiper-slide\" role=\"group\" aria-roledescription=\"slide\" aria-label=\"12 of 15\"><a data-elementor-open-lightbox=\"yes\" data-elementor-lightbox-slideshow=\"487dcb1\" data-elementor-lightbox-title=\"HEXA-ovratnica-blue-L\" data-e-action-hash=\"#elementor-action%3Aaction%3Dlightbox%26settings%3DeyJpZCI6MjMxNywidXJsIjoiaHR0cHM6XC9cL3NrYWprby5zaVwvd3AtY29udGVudFwvdXBsb2Fkc1wvMjAyNVwvMDNcL0hFWEEtb3ZyYXRuaWNhLWJsdWUtTC5qcGciLCJzbGlkZXNob3ciOiI0ODdkY2IxIn0%3D\" href=\"https:\/\/skajko.si\/wp-content\/uploads\/2025\/03\/HEXA-ovratnica-blue-L.jpg\"><figure class=\"swiper-slide-inner\"><img decoding=\"async\" class=\"swiper-slide-image\" src=\"https:\/\/skajko.si\/wp-content\/uploads\/2025\/03\/HEXA-ovratnica-blue-L-600x600.jpg\" alt=\"HEXA-ovratnica-blue-L\" \/><\/figure><\/a><\/div><div class=\"swiper-slide\" role=\"group\" aria-roledescription=\"slide\" aria-label=\"13 of 15\"><a data-elementor-open-lightbox=\"yes\" data-elementor-lightbox-slideshow=\"487dcb1\" data-elementor-lightbox-title=\"BIOTHANE-povodec-pastelorange-19mm-165\" data-e-action-hash=\"#elementor-action%3Aaction%3Dlightbox%26settings%3DeyJpZCI6MjU5OCwidXJsIjoiaHR0cHM6XC9cL3NrYWprby5zaVwvd3AtY29udGVudFwvdXBsb2Fkc1wvMjAyNVwvMDNcL0JJT1RIQU5FLXBvdm9kZWMtcGFzdGVsb3JhbmdlLTE5bW0tMTY1LTEuanBnIiwic2xpZGVzaG93IjoiNDg3ZGNiMSJ9\" href=\"https:\/\/skajko.si\/wp-content\/uploads\/2025\/03\/BIOTHANE-povodec-pastelorange-19mm-165-1.jpg\"><figure class=\"swiper-slide-inner\"><img decoding=\"async\" class=\"swiper-slide-image\" src=\"https:\/\/skajko.si\/wp-content\/uploads\/2025\/03\/BIOTHANE-povodec-pastelorange-19mm-165-1-600x600.jpg\" alt=\"BIOTHANE-povodec-pastelorange-19mm-165\" \/><\/figure><\/a><\/div><div class=\"swiper-slide\" role=\"group\" aria-roledescription=\"slide\" aria-label=\"14 of 15\"><a data-elementor-open-lightbox=\"yes\" data-elementor-lightbox-slideshow=\"487dcb1\" data-elementor-lightbox-title=\"HEXA-povodec-teal-16mm-125\" data-e-action-hash=\"#elementor-action%3Aaction%3Dlightbox%26settings%3DeyJpZCI6MjUxOCwidXJsIjoiaHR0cHM6XC9cL3NrYWprby5zaVwvd3AtY29udGVudFwvdXBsb2Fkc1wvMjAyNVwvMDNcL0hFWEEtcG92b2RlYy10ZWFsLTE2bW0tMTI1LmpwZyIsInNsaWRlc2hvdyI6IjQ4N2RjYjEifQ%3D%3D\" href=\"https:\/\/skajko.si\/wp-content\/uploads\/2025\/03\/HEXA-povodec-teal-16mm-125.jpg\"><figure class=\"swiper-slide-inner\"><img decoding=\"async\" class=\"swiper-slide-image\" src=\"https:\/\/skajko.si\/wp-content\/uploads\/2025\/03\/HEXA-povodec-teal-16mm-125-600x600.jpg\" alt=\"HEXA-povodec-teal-16mm-125\" \/><\/figure><\/a><\/div><div class=\"swiper-slide\" role=\"group\" aria-roledescription=\"slide\" aria-label=\"15 of 15\"><a data-elementor-open-lightbox=\"yes\" data-elementor-lightbox-slideshow=\"487dcb1\" data-elementor-lightbox-title=\"BIOTHANE-povodec-applegreen-19mm-165\" data-e-action-hash=\"#elementor-action%3Aaction%3Dlightbox%26settings%3DeyJpZCI6MjQwOCwidXJsIjoiaHR0cHM6XC9cL3NrYWprby5zaVwvd3AtY29udGVudFwvdXBsb2Fkc1wvMjAyNVwvMDNcL0JJT1RIQU5FLXBvdm9kZWMtYXBwbGVncmVlbi0xOW1tLTE2NS5qcGciLCJzbGlkZXNob3ciOiI0ODdkY2IxIn0%3D\" href=\"https:\/\/skajko.si\/wp-content\/uploads\/2025\/03\/BIOTHANE-povodec-applegreen-19mm-165.jpg\"><figure class=\"swiper-slide-inner\"><img decoding=\"async\" class=\"swiper-slide-image\" src=\"https:\/\/skajko.si\/wp-content\/uploads\/2025\/03\/BIOTHANE-povodec-applegreen-19mm-165-600x600.jpg\" alt=\"BIOTHANE-povodec-applegreen-19mm-165\" \/><\/figure><\/a><\/div>\t\t\t<\/div>\n\t\t\t\t\t\t\t\t\t\t\t\t<div class=\"elementor-swiper-button elementor-swiper-button-prev\" role=\"button\" tabindex=\"0\">\n\t\t\t\t\t\t<svg aria-hidden=\"true\" class=\"e-font-icon-svg e-eicon-chevron-left\" viewbox=\"0 0 1000 1000\" xmlns=\"http:\/\/www.w3.org\/2000\/svg\"><path d=\"M646 125C629 125 613 133 604 142L308 442C296 454 292 471 292 487 292 504 296 521 308 533L604 854C617 867 629 875 646 875 663 875 679 871 692 858 704 846 713 829 713 812 713 796 708 779 692 767L438 487 692 225C700 217 708 204 708 187 708 171 704 154 692 142 675 129 663 125 646 125Z\"><\/path><\/svg>\t\t\t\t\t<\/div>\n\t\t\t\t\t<div class=\"elementor-swiper-button elementor-swiper-button-next\" role=\"button\" tabindex=\"0\">\n\t\t\t\t\t\t<svg aria-hidden=\"true\" class=\"e-font-icon-svg e-eicon-chevron-right\" viewbox=\"0 0 1000 1000\" xmlns=\"http:\/\/www.w3.org\/2000\/svg\"><path d=\"M696 533C708 521 713 504 713 487 713 471 708 454 696 446L400 146C388 133 375 125 354 125 338 125 325 129 313 142 300 154 292 171 292 187 292 204 296 221 308 233L563 492 304 771C292 783 288 800 288 817 288 833 296 850 308 863 321 871 338 875 354 875 371 875 388 867 400 854L696 533Z\"><\/path><\/svg>\t\t\t\t\t<\/div>\n\t\t\t\t\n\t\t\t\t\t\t\t\t\t<div class=\"swiper-pagination\"><\/div>\n\t\t\t\t\t\t\t\t\t<\/div>\n\t\t\t\t\t\t<\/div>\n\t\t\t\t<\/div>\n\t\t\t\t<\/div>\n\t\t<div class=\"elementor-element elementor-element-bba9b65 e-flex e-con-boxed e-con e-parent\" data-id=\"bba9b65\" data-element_type=\"container\" data-e-type=\"container\" data-settings=\"{&quot;background_background&quot;:&quot;classic&quot;}\">\n\t\t\t\t\t<div class=\"e-con-inner\">\n\t\t<div class=\"elementor-element elementor-element-a4f2815 e-con-full e-flex e-con e-child\" data-id=\"a4f2815\" data-element_type=\"container\" data-e-type=\"container\">\n\t\t\t\t<div class=\"elementor-element elementor-element-390ad34 elementor-widget elementor-widget-image\" data-id=\"390ad34\" data-element_type=\"widget\" data-e-type=\"widget\" data-widget_type=\"image.default\">\n\t\t\t\t<div class=\"elementor-widget-container\">\n\t\t\t\t\t\t\t\t\t\t\t\t\t\t\t<img fetchpriority=\"high\" decoding=\"async\" width=\"300\" height=\"300\" src=\"https:\/\/skajko.si\/wp-content\/uploads\/2025\/03\/IMG_0266-2-300x300.jpg\" class=\"attachment-medium size-medium wp-image-2622\" alt=\"\" srcset=\"https:\/\/skajko.si\/wp-content\/uploads\/2025\/03\/IMG_0266-2-300x300.jpg 300w, https:\/\/skajko.si\/wp-content\/uploads\/2025\/03\/IMG_0266-2-1024x1024.jpg 1024w, https:\/\/skajko.si\/wp-content\/uploads\/2025\/03\/IMG_0266-2-150x150.jpg 150w, https:\/\/skajko.si\/wp-content\/uploads\/2025\/03\/IMG_0266-2-768x768.jpg 768w, https:\/\/skajko.si\/wp-content\/uploads\/2025\/03\/IMG_0266-2-1536x1536.jpg 1536w, https:\/\/skajko.si\/wp-content\/uploads\/2025\/03\/IMG_0266-2-2048x2048.jpg 2048w, https:\/\/skajko.si\/wp-content\/uploads\/2025\/03\/IMG_0266-2-600x600.jpg 600w, https:\/\/skajko.si\/wp-content\/uploads\/2025\/03\/IMG_0266-2-100x100.jpg 100w\" sizes=\"(max-width: 300px) 100vw, 300px\" \/>\t\t\t\t\t\t\t\t\t\t\t\t\t\t\t<\/div>\n\t\t\t\t<\/div>\n\t\t\t\t<\/div>\n\t\t<div class=\"elementor-element elementor-element-5874805 e-con-full e-flex e-con e-child\" data-id=\"5874805\" data-element_type=\"container\" data-e-type=\"container\">\n\t\t\t\t<div class=\"elementor-element elementor-element-f5fad10 elementor-widget elementor-widget-text-editor\" data-id=\"f5fad10\" data-element_type=\"widget\" data-e-type=\"widget\" data-widget_type=\"text-editor.default\">\n\t\t\t\t<div class=\"elementor-widget-container\">\n\t\t\t\t\t\t\t\t\t<div>BioThane\u00ae is a waterproof material that combines the look of leather with the exceptional durability of synthetic materials. It doesn\u2019t absorb water, doesn\u2019t stretch, and remains soft to the touch \u2013 ideal for the toughest adventures in rain or mud. Easy to clean and virtually indestructible, it\u2019s the perfect choice for active dogs!<\/div>\t\t\t\t\t\t\t\t<\/div>\n\t\t\t\t<\/div>\n\t\t\t\t<\/div>\n\t\t\t\t\t<\/div>\n\t\t\t\t<\/div>\n\t\t<div class=\"elementor-element elementor-element-9ac04ed e-flex e-con-boxed e-con e-parent\" data-id=\"9ac04ed\" data-element_type=\"container\" data-e-type=\"container\" data-settings=\"{&quot;background_background&quot;:&quot;classic&quot;}\">\n\t\t\t\t\t<div class=\"e-con-inner\">\n\t\t<div class=\"elementor-element elementor-element-2ac9228 e-con-full e-flex e-con e-child\" data-id=\"2ac9228\" data-element_type=\"container\" data-e-type=\"container\">\n\t\t\t\t<div class=\"elementor-element elementor-element-e6622f2 elementor-widget elementor-widget-text-editor\" data-id=\"e6622f2\" data-element_type=\"widget\" data-e-type=\"widget\" data-widget_type=\"text-editor.default\">\n\t\t\t\t<div class=\"elementor-widget-container\">\n\t\t\t\t\t\t\t\t\t<p>HEXA is a lightweight, waterproof material with a unique hexagonal pattern, offering comfort and style. Exceptionally soft to the touch, dirt-resistant, and quick-drying, it\u2019s perfect for relaxed daily walks.<\/p>\t\t\t\t\t\t\t\t<\/div>\n\t\t\t\t<\/div>\n\t\t\t\t<\/div>\n\t\t<div class=\"elementor-element elementor-element-fd7d2df e-con-full e-flex e-con e-child\" data-id=\"fd7d2df\" data-element_type=\"container\" data-e-type=\"container\">\n\t\t\t\t<div class=\"elementor-element elementor-element-045bb82 elementor-widget elementor-widget-image\" data-id=\"045bb82\" data-element_type=\"widget\" data-e-type=\"widget\" data-widget_type=\"image.default\">\n\t\t\t\t<div class=\"elementor-widget-container\">\n\t\t\t\t\t\t\t\t\t\t\t\t\t\t\t<img decoding=\"async\" width=\"1024\" height=\"1024\" src=\"https:\/\/skajko.si\/wp-content\/uploads\/2025\/03\/IMG_0416-e1742470308377-1024x1024.jpg\" class=\"attachment-large size-large wp-image-2226\" alt=\"\" srcset=\"https:\/\/skajko.si\/wp-content\/uploads\/2025\/03\/IMG_0416-e1742470308377-1024x1024.jpg 1024w, https:\/\/skajko.si\/wp-content\/uploads\/2025\/03\/IMG_0416-e1742470308377-300x300.jpg 300w, https:\/\/skajko.si\/wp-content\/uploads\/2025\/03\/IMG_0416-e1742470308377-150x150.jpg 150w, https:\/\/skajko.si\/wp-content\/uploads\/2025\/03\/IMG_0416-e1742470308377-768x768.jpg 768w, https:\/\/skajko.si\/wp-content\/uploads\/2025\/03\/IMG_0416-e1742470308377-600x600.jpg 600w, https:\/\/skajko.si\/wp-content\/uploads\/2025\/03\/IMG_0416-e1742470308377-100x100.jpg 100w, https:\/\/skajko.si\/wp-content\/uploads\/2025\/03\/IMG_0416-e1742470308377.jpg 1406w\" sizes=\"(max-width: 1024px) 100vw, 1024px\" \/>\t\t\t\t\t\t\t\t\t\t\t\t\t\t\t<\/div>\n\t\t\t\t<\/div>\n\t\t\t\t<\/div>\n\t\t\t\t\t<\/div>\n\t\t\t\t<\/div>\n\t\t<div class=\"elementor-element elementor-element-7a7b871 e-flex e-con-boxed e-con e-parent\" data-id=\"7a7b871\" data-element_type=\"container\" data-e-type=\"container\" data-settings=\"{&quot;background_background&quot;:&quot;classic&quot;}\">\n\t\t\t\t\t<div class=\"e-con-inner\">\n\t\t<div class=\"elementor-element elementor-element-e29a3fa e-con-full e-flex e-con e-child\" data-id=\"e29a3fa\" data-element_type=\"container\" data-e-type=\"container\">\n\t\t\t\t<div class=\"elementor-element elementor-element-491d02f elementor-align-center elementor-widget elementor-widget-button\" data-id=\"491d02f\" data-element_type=\"widget\" data-e-type=\"widget\" data-widget_type=\"button.default\">\n\t\t\t\t<div class=\"elementor-widget-container\">\n\t\t\t\t\t\t\t\t\t<div class=\"elementor-button-wrapper\">\n\t\t\t\t\t<a class=\"elementor-button elementor-button-link elementor-size-sm\" href=\"https:\/\/skajko.si\/en\/contact\/\">\n\t\t\t\t\t\t<span class=\"elementor-button-content-wrapper\">\n\t\t\t\t\t\t\t\t\t<span class=\"elementor-button-text\">Contact us<\/span>\n\t\t\t\t\t<\/span>\n\t\t\t\t\t<\/a>\n\t\t\t\t<\/div>\n\t\t\t\t\t\t\t\t<\/div>\n\t\t\t\t<\/div>\n\t\t\t\t<\/div>\n\t\t\t\t\t<\/div>\n\t\t\t\t<\/div>\n\t\t\t\t<\/div>","protected":false},"excerpt":{"rendered":"<p>Dobrodo\u0161li pri Skajkotu! BioThane\u00ae je vodoodporen material, ki zdru\u017euje videz usnja in izjemno trpe\u017enost sinteti\u010dnih materialov. Ne vpija vode, se ne raztegne in ostane mehak na otip \u2013 idealen za najzahtevnej\u0161e avanture v de\u017eju ali blatu. Enostaven za \u010di\u0161\u010denje in skoraj neuni\u010dljiv, popolna izbira za aktivne pse! HEXA je lahek, vodoodporen material z edinstvenim \u0161esterokotnim [&hellip;]<\/p>\n","protected":false},"author":1,"featured_media":0,"parent":0,"menu_order":0,"comment_status":"closed","ping_status":"closed","template":"","meta":{"_monsterinsights_skip_tracking":false,"_monsterinsights_sitenote_active":false,"_monsterinsights_sitenote_note":"","_monsterinsights_sitenote_category":0,"site-sidebar-layout":"no-sidebar","site-content-layout":"page-builder","ast-site-content-layout":"full-width-container","site-content-style":"unboxed","site-sidebar-style":"unboxed","ast-global-header-display":"","ast-banner-title-visibility":"","ast-main-header-display":"","ast-hfb-above-header-display":"","ast-hfb-below-header-display":"","ast-hfb-mobile-header-display":"","site-post-title":"disabled","ast-breadcrumbs-content":"","ast-featured-img":"disabled","footer-sml-layout":"","theme-transparent-header-meta":"disabled","adv-header-id-meta":"","stick-header-meta":"","header-above-stick-meta":"","header-main-stick-meta":"","header-below-stick-meta":"","astra-migrate-meta-layouts":"set","ast-page-background-enabled":"default","ast-page-background-meta":{"desktop":{"background-color":"var(--ast-global-color-4)","background-image":"","background-repeat":"repeat","background-position":"center center","background-size":"auto","background-attachment":"scroll","background-type":"","background-media":"","overlay-type":"","overlay-color":"","overlay-opacity":"","overlay-gradient":""},"tablet":{"background-color":"","background-image":"","background-repeat":"repeat","background-position":"center center","background-size":"auto","background-attachment":"scroll","background-type":"","background-media":"","overlay-type":"","overlay-color":"","overlay-opacity":"","overlay-gradient":""},"mobile":{"background-color":"","background-image":"","background-repeat":"repeat","background-position":"center center","background-size":"auto","background-attachment":"scroll","background-type":"","background-media":"","overlay-type":"","overlay-color":"","overlay-opacity":"","overlay-gradient":""}},"ast-content-background-meta":{"desktop":{"background-color":"var(--ast-global-color-5)","background-image":"","background-repeat":"repeat","background-position":"center center","background-size":"auto","background-attachment":"scroll","background-type":"","background-media":"","overlay-type":"","overlay-color":"","overlay-opacity":"","overlay-gradient":""},"tablet":{"background-color":"var(--ast-global-color-5)","background-image":"","background-repeat":"repeat","background-position":"center center","background-size":"auto","background-attachment":"scroll","background-type":"","background-media":"","overlay-type":"","overlay-color":"","overlay-opacity":"","overlay-gradient":""},"mobile":{"background-color":"var(--ast-global-color-5)","background-image":"","background-repeat":"repeat","background-position":"center center","background-size":"auto","background-attachment":"scroll","background-type":"","background-media":"","overlay-type":"","overlay-color":"","overlay-opacity":"","overlay-gradient":""}},"footnotes":""},"class_list":["post-1448","page","type-page","status-publish","hentry"],"_links":{"self":[{"href":"https:\/\/skajko.si\/en\/wp-json\/wp\/v2\/pages\/1448","targetHints":{"allow":["GET"]}}],"collection":[{"href":"https:\/\/skajko.si\/en\/wp-json\/wp\/v2\/pages"}],"about":[{"href":"https:\/\/skajko.si\/en\/wp-json\/wp\/v2\/types\/page"}],"author":[{"embeddable":true,"href":"https:\/\/skajko.si\/en\/wp-json\/wp\/v2\/users\/1"}],"replies":[{"embeddable":true,"href":"https:\/\/skajko.si\/en\/wp-json\/wp\/v2\/comments?post=1448"}],"version-history":[{"count":190,"href":"https:\/\/skajko.si\/en\/wp-json\/wp\/v2\/pages\/1448\/revisions"}],"predecessor-version":[{"id":2741,"href":"https:\/\/skajko.si\/en\/wp-json\/wp\/v2\/pages\/1448\/revisions\/2741"}],"wp:attachment":[{"href":"https:\/\/skajko.si\/en\/wp-json\/wp\/v2\/media?parent=1448"}],"curies":[{"name":"wp","href":"https:\/\/api.w.org\/{rel}","templated":true}]}}